{"id":32,"date":"2019-11-22T15:22:56","date_gmt":"2019-11-22T15:22:56","guid":{"rendered":"http:\/\/xxformat.com\/fr\/?page_id=32"},"modified":"2022-11-03T14:34:20","modified_gmt":"2022-11-03T14:34:20","slug":"mentions-legales","status":"publish","type":"page","link":"https:\/\/xxformat.com\/fr\/mentions-legales\/","title":{"rendered":"Mentions l\u00e9gales"},"content":{"rendered":"\n<p><strong>1. Auteur<\/strong><\/p>\n\n\n\n<p><strong>1.1 Dirigeant (Gesch\u00e4ftsf\u00fchrer)<\/strong><\/p>\n\n\n\n<p>V\u00e9ronique Bourcier<\/p>\n\n\n\n<p><strong>1.2 Adresse<\/strong><\/p>\n\n\n\n<p>xxformat GmbH<\/p>\n\n\n\n<p>c\/o STARTPLATZ<\/p>\n\n\n\n<p>Im Mediapark 5<\/p>\n\n\n\n<p>50670 Cologne<\/p>\n\n\n\n<p>Allemagne<\/p>\n\n\n\n<p><strong>1.3 T\u00e9l\u00e9phone<\/strong><\/p>\n\n\n\n<p>+49 z\u00e9ro un cinq\nsept sept 288 60 six six<\/p>\n\n\n\n<p><strong>1.4 Email<\/strong><\/p>\n\n\n\n<p>veronique (point)\nbourcier (arobas) xxformat.com<\/p>\n\n\n\n<p><strong>1.5 M\u00e9dia Sociaux<\/strong><\/p>\n\n\n\n<p>Linkedin :  <a href=\"https:\/\/www.linkedin.com\/in\/veronique-bourcier-sas-training\/\">linkedin.com\/in\/veronique-bourcier<\/a><\/p>\n\n\n\n<p>Xing : <a href=\"https:\/\/www.xing.com\/profile\/Veronique_Bourcier?sc_o=mxb_p\">xing.com\/profile\/Veronique_Bourcier<\/a><\/p>\n\n\n\n<p><strong>1.6 Registre du commerce (Handelsregister Nummer)<\/strong><\/p>\n\n\n\n<p>District Court\nCologne (Amtsgericht K\u00f6ln)<\/p>\n\n\n\n<p>HRB 90 276<\/p>\n\n\n\n<p><strong>1.7 Num\u00e9ro de TVA (USt-IdNr:\nUmsatzsteuer-Identificaktionsnummer)<\/strong><\/p>\n\n\n\n<p>DE311806529<\/p>\n\n\n\n<p><strong>2. Fournisseur<\/strong><\/p>\n\n\n\n<p><strong>2.1 H\u00e9bergeur<\/strong><\/p>\n\n\n\n<p>OVH GmbH<\/p>\n\n\n\n<p>Dudweiler Landstra\u00dfe\n5<\/p>\n\n\n\n<p>66123 Saarbr\u00fccken<\/p>\n\n\n\n<p>Allemagne<\/p>\n\n\n\n<p><a href=\"https:\/\/www.ovh.de\">ovh.de<\/a><\/p>\n\n\n\n<p><strong>2.2 Revendeur<\/strong><\/p>\n\n\n\n<p>Digistore24 GmbH<\/p>\n\n\n\n<p>St.-Godehard-Stra\u00dfe\n32<\/p>\n\n\n\n<p>31139 Hildesheim<\/p>\n\n\n\n<p>Allemagne<\/p>\n\n\n\n<p><a href=\"https:\/\/www.digistore24-app.com\">digistore24-app.com<\/a><\/p>\n\n\n\n<p><strong>2.3 LinkedIn<\/strong><\/p>\n\n\n\n<p><a href=\"https:\/\/www.linkedin.com\/company\/xxformat\">https:\/\/www.linkedin.com\/company\/xxformat<\/a><\/p>\n\n\n\n<p><strong>2.4 YouTube<\/strong><\/p>\n\n\n\n<p><a href=\"https:\/\/www.youtube.com\/channel\/UC34f04B9Ot2P_KNCdtl6ttg\">https:\/\/www.youtube.com\/channel\/UC34f04B9Ot2P_KNCdtl6ttg<\/a><\/p>\n\n\n\n<p><strong>2.5 Facebook<\/strong><\/p>\n\n\n\n<p><a href=\"https:\/\/www.facebook.com\/xxformat\/\">https:\/\/www.facebook.com\/xxformat\/<\/a><\/p>\n\n\n\n<p><strong>2.6 Twitter<\/strong><\/p>\n\n\n\n<p><a href=\"https:\/\/twitter.com\/xxformat\">https:\/\/twitter.com\/xxformat<\/a><\/p>\n\n\n\n<p><strong>3. R\u00e8glement de litiges de consommation en ligne<\/strong><\/p>\n\n\n\n<p>Proc\u00e9dure conforme \u00e0\nl\u2019article 14 paragraphe 1 du r\u00e8glement (Union Europ\u00e9enne) <a href=\"http:\/\/eur-lex.europa.eu\/legal-content\/FR\/ALL\/?uri=CELEX%3A32013R0524\">n\u00b0524\/2013<\/a>\nrelatif au r\u00e8glement en ligne des litiges de consommation.<\/p>\n\n\n\n<p>La commission\neurop\u00e9enne met \u00e0 disposition une plateforme pour le r\u00e8glement de litiges en\nligne que vous trouverez sur <a href=\"http:\/\/ec.europa.eu\/consumers\/odr\">http:\/\/ec.europa.eu\/consumers\/odr<\/a><\/p>\n\n\n\n<p><strong>4. SAS<\/strong><strong><sup>\u00ae<\/sup><\/strong><\/p>\n\n\n\n<p>SAS and all other\nSAS Institute Inc. product or service names are registered trademarks or\ntrademarks of SAS Institute Inc. in the USA and other countries. \u00ae indicates\nUSA registration.<\/p>\n\n\n\n<p>xxformat GmbH is not endorsed, associated or affiliated in any way with SAS Institute Inc.<\/p>\n","protected":false},"excerpt":{"rendered":"<p>1. Auteur 1.1 Dirigeant (Gesch\u00e4ftsf\u00fchrer) V\u00e9ronique Bourcier 1.2 Adresse xxformat GmbH c\/o STARTPLATZ Im Mediapark 5 50670 Cologne Allemagne 1.3 T\u00e9l\u00e9phone +49 z\u00e9ro un cinq sept sept 288 60 six six 1.4 Email veronique (point) bourcier [&hellip;]<\/p>\n","protected":false},"author":1,"featured_media":0,"parent":0,"menu_order":0,"comment_status":"closed","ping_status":"closed","template":"","meta":{"footnotes":""},"class_list":["post-32","page","type-page","status-publish","hentry"],"yoast_head":"<!-- This site is optimized with the Yoast SEO plugin v27.1.1 - https:\/\/yoast.com\/product\/yoast-seo-wordpress\/ -->\n<title>Mentions l\u00e9gales - xxformat GmbH<\/title>\n<meta name=\"robots\" content=\"index, follow, max-snippet:-1, max-image-preview:large, max-video-preview:-1\" \/>\n<link rel=\"canonical\" href=\"https:\/\/xxformat.com\/fr\/mentions-legales\/\" \/>\n<meta property=\"og:locale\" content=\"fr_FR\" \/>\n<meta property=\"og:type\" content=\"article\" \/>\n<meta property=\"og:title\" content=\"Mentions l\u00e9gales - xxformat GmbH\" \/>\n<meta property=\"og:description\" content=\"1. Auteur 1.1 Dirigeant (Gesch\u00e4ftsf\u00fchrer) V\u00e9ronique Bourcier 1.2 Adresse xxformat GmbH c\/o STARTPLATZ Im Mediapark 5 50670 Cologne Allemagne 1.3 T\u00e9l\u00e9phone +49 z\u00e9ro un cinq sept sept 288 60 six six 1.4 Email veronique (point) bourcier [&hellip;]\" \/>\n<meta property=\"og:url\" content=\"https:\/\/xxformat.com\/fr\/mentions-legales\/\" \/>\n<meta property=\"og:site_name\" content=\"xxformat GmbH\" \/>\n<meta property=\"article:modified_time\" content=\"2022-11-03T14:34:20+00:00\" \/>\n<meta name=\"twitter:card\" content=\"summary_large_image\" \/>\n<meta name=\"twitter:label1\" content=\"Dur\u00e9e de lecture estim\u00e9e\" \/>\n\t<meta name=\"twitter:data1\" content=\"1 minute\" \/>\n<script type=\"application\/ld+json\" class=\"yoast-schema-graph\">{\"@context\":\"https:\/\/schema.org\",\"@graph\":[{\"@type\":\"WebPage\",\"@id\":\"https:\/\/xxformat.com\/fr\/mentions-legales\/\",\"url\":\"https:\/\/xxformat.com\/fr\/mentions-legales\/\",\"name\":\"Mentions l\u00e9gales - xxformat GmbH\",\"isPartOf\":{\"@id\":\"https:\/\/xxformat.com\/fr\/#website\"},\"datePublished\":\"2019-11-22T15:22:56+00:00\",\"dateModified\":\"2022-11-03T14:34:20+00:00\",\"breadcrumb\":{\"@id\":\"https:\/\/xxformat.com\/fr\/mentions-legales\/#breadcrumb\"},\"inLanguage\":\"fr-FR\",\"potentialAction\":[{\"@type\":\"ReadAction\",\"target\":[\"https:\/\/xxformat.com\/fr\/mentions-legales\/\"]}]},{\"@type\":\"BreadcrumbList\",\"@id\":\"https:\/\/xxformat.com\/fr\/mentions-legales\/#breadcrumb\",\"itemListElement\":[{\"@type\":\"ListItem\",\"position\":1,\"name\":\"Home\",\"item\":\"https:\/\/xxformat.com\/fr\/\"},{\"@type\":\"ListItem\",\"position\":2,\"name\":\"Mentions l\u00e9gales\"}]},{\"@type\":\"WebSite\",\"@id\":\"https:\/\/xxformat.com\/fr\/#website\",\"url\":\"https:\/\/xxformat.com\/fr\/\",\"name\":\"xxformat GmbH\",\"description\":\"\",\"potentialAction\":[{\"@type\":\"SearchAction\",\"target\":{\"@type\":\"EntryPoint\",\"urlTemplate\":\"https:\/\/xxformat.com\/fr\/?s={search_term_string}\"},\"query-input\":{\"@type\":\"PropertyValueSpecification\",\"valueRequired\":true,\"valueName\":\"search_term_string\"}}],\"inLanguage\":\"fr-FR\"}]}<\/script>\n<!-- \/ Yoast SEO plugin. -->","yoast_head_json":{"title":"Mentions l\u00e9gales - xxformat GmbH","robots":{"index":"index","follow":"follow","max-snippet":"max-snippet:-1","max-image-preview":"max-image-preview:large","max-video-preview":"max-video-preview:-1"},"canonical":"https:\/\/xxformat.com\/fr\/mentions-legales\/","og_locale":"fr_FR","og_type":"article","og_title":"Mentions l\u00e9gales - xxformat GmbH","og_description":"1. Auteur 1.1 Dirigeant (Gesch\u00e4ftsf\u00fchrer) V\u00e9ronique Bourcier 1.2 Adresse xxformat GmbH c\/o STARTPLATZ Im Mediapark 5 50670 Cologne Allemagne 1.3 T\u00e9l\u00e9phone +49 z\u00e9ro un cinq sept sept 288 60 six six 1.4 Email veronique (point) bourcier [&hellip;]","og_url":"https:\/\/xxformat.com\/fr\/mentions-legales\/","og_site_name":"xxformat GmbH","article_modified_time":"2022-11-03T14:34:20+00:00","twitter_card":"summary_large_image","twitter_misc":{"Dur\u00e9e de lecture estim\u00e9e":"1 minute"},"schema":{"@context":"https:\/\/schema.org","@graph":[{"@type":"WebPage","@id":"https:\/\/xxformat.com\/fr\/mentions-legales\/","url":"https:\/\/xxformat.com\/fr\/mentions-legales\/","name":"Mentions l\u00e9gales - xxformat GmbH","isPartOf":{"@id":"https:\/\/xxformat.com\/fr\/#website"},"datePublished":"2019-11-22T15:22:56+00:00","dateModified":"2022-11-03T14:34:20+00:00","breadcrumb":{"@id":"https:\/\/xxformat.com\/fr\/mentions-legales\/#breadcrumb"},"inLanguage":"fr-FR","potentialAction":[{"@type":"ReadAction","target":["https:\/\/xxformat.com\/fr\/mentions-legales\/"]}]},{"@type":"BreadcrumbList","@id":"https:\/\/xxformat.com\/fr\/mentions-legales\/#breadcrumb","itemListElement":[{"@type":"ListItem","position":1,"name":"Home","item":"https:\/\/xxformat.com\/fr\/"},{"@type":"ListItem","position":2,"name":"Mentions l\u00e9gales"}]},{"@type":"WebSite","@id":"https:\/\/xxformat.com\/fr\/#website","url":"https:\/\/xxformat.com\/fr\/","name":"xxformat GmbH","description":"","potentialAction":[{"@type":"SearchAction","target":{"@type":"EntryPoint","urlTemplate":"https:\/\/xxformat.com\/fr\/?s={search_term_string}"},"query-input":{"@type":"PropertyValueSpecification","valueRequired":true,"valueName":"search_term_string"}}],"inLanguage":"fr-FR"}]}},"_links":{"self":[{"href":"https:\/\/xxformat.com\/fr\/wp-json\/wp\/v2\/pages\/32","targetHints":{"allow":["GET"]}}],"collection":[{"href":"https:\/\/xxformat.com\/fr\/wp-json\/wp\/v2\/pages"}],"about":[{"href":"https:\/\/xxformat.com\/fr\/wp-json\/wp\/v2\/types\/page"}],"author":[{"embeddable":true,"href":"https:\/\/xxformat.com\/fr\/wp-json\/wp\/v2\/users\/1"}],"replies":[{"embeddable":true,"href":"https:\/\/xxformat.com\/fr\/wp-json\/wp\/v2\/comments?post=32"}],"version-history":[{"count":4,"href":"https:\/\/xxformat.com\/fr\/wp-json\/wp\/v2\/pages\/32\/revisions"}],"predecessor-version":[{"id":253,"href":"https:\/\/xxformat.com\/fr\/wp-json\/wp\/v2\/pages\/32\/revisions\/253"}],"wp:attachment":[{"href":"https:\/\/xxformat.com\/fr\/wp-json\/wp\/v2\/media?parent=32"}],"curies":[{"name":"wp","href":"https:\/\/api.w.org\/{rel}","templated":true}]}}