{"id":74,"date":"2019-11-22T19:18:47","date_gmt":"2019-11-22T19:18:47","guid":{"rendered":"http:\/\/xxformat.com\/fr\/?page_id=74"},"modified":"2019-11-22T23:21:52","modified_gmt":"2019-11-22T23:21:52","slug":"remerciements","status":"publish","type":"page","link":"https:\/\/xxformat.com\/fr\/produit\/coaching\/remerciements\/","title":{"rendered":"Avoir un retour personnalis\u00e9 pour progresser rapidement en programmation SAS"},"content":{"rendered":"<p><!--StartFragment--><\/p>\n\n\n<p>Apr\u00e8s paiement, vous \u00e9changeons par email pour fixer la date d&rsquo;une pr\u00e9-session en ligne gratuite.  Lors de cette pr\u00e9-session offerte, nous identifions les outils avec lesquels le coaching sera r\u00e9alis\u00e9, qu&rsquo;il s&rsquo;agisse de Skype (pour les appels), zoom.us, Facebook  avec Chrome ou framatalk.org (pour les sessions avec partage d&rsquo;\u00e9cran).  <\/p>\n\n\n\n<p>Chaque session payante a une dur\u00e9e de 30 minutes. <\/p>\n\n\n\n<p>La demande de rendez-vous par email doivent \u00eatre faite au moins 24h pour une facturation au prix standard. <\/p>\n\n\n\n<p>Les rendez-vous de derni\u00e8re minute (demande de moins de 24h \u00e0 l&rsquo;avant) sont factur\u00e9s double. <\/p>\n\n\n\n<p>L&rsquo;intervenant confirme\/d\u00e9cline la demande selon ses disponibilit\u00e9s et propose une nouvelle date.<\/p>\n\n\n\n<p>Toute session annul\u00e9e par le client moins de 24 heures \u00e0 l&rsquo;avance est factur\u00e9e.<\/p>\n\n\n\n<p>La session est utilisable 12 mois \u00e0 partir de la date d&rsquo;achat.<\/p>\n\n\n\n<p><strong>Bonus<\/strong><\/p>\n\n\n\n<p>Je relis gratuitement votre CV si vous souhaitez avec un second avis et des conseils bas\u00e9es sur mon exp\u00e9rience dans le monde professionnel. <\/p>\n\n\n\n<p><strong>Support<\/strong><\/p>\n\n\n\n<p>Vous avez une question, n\u2019h\u00e9sitez pas \u00e0 m\u2019envoyer un email :<\/p>\n\n\n\n<ul class=\"wp-block-list\"><li>veronique.bourcier@xxformat.com <\/li><\/ul>\n\n\n\n<p>ou \u00e0 m&rsquo;appeler au : <\/p>\n\n\n\n<ul class=\"wp-block-list\"><li>+33 6 33 34 87 38<\/li><li>+49 1577 288 60 66<\/li><\/ul>\n\n\n\n<p><strong>Information additionnelle<\/strong><\/p>\n\n\n\n<p>Le d\u00e9bit est effectu\u00e9 par Digistore24. Il s\u2019agit d\u2019une plateforme de paiement allemande digistore24.com<\/p>\n\n\n\n<p style=\"text-align:center\"><a href=\"https:\/\/xxformat.com\/fr\/mentions-legales\/\">Mentions l\u00e9gales<\/a> <br><\/p>\n\n\n<p><!--EndFragment--><\/p>\n<p><\/p>","protected":false},"excerpt":{"rendered":"<p>Apr\u00e8s paiement, vous \u00e9changeons par email pour fixer la date d&rsquo;une pr\u00e9-session en ligne gratuite. Lors de cette pr\u00e9-session offerte, nous identifions les outils avec lesquels le coaching sera r\u00e9alis\u00e9, qu&rsquo;il s&rsquo;agisse de Skype (pour les [&hellip;]<\/p>\n","protected":false},"author":1,"featured_media":0,"parent":72,"menu_order":0,"comment_status":"closed","ping_status":"closed","template":"","meta":{"footnotes":""},"class_list":["post-74","page","type-page","status-publish","hentry"],"yoast_head":"<!-- This site is optimized with the Yoast SEO plugin v27.1.1 - https:\/\/yoast.com\/product\/yoast-seo-wordpress\/ -->\n<title>Avoir un retour personnalis\u00e9 pour progresser rapidement en programmation SAS - xxformat GmbH<\/title>\n<meta name=\"robots\" content=\"index, follow, max-snippet:-1, max-image-preview:large, max-video-preview:-1\" \/>\n<link rel=\"canonical\" href=\"https:\/\/xxformat.com\/fr\/produit\/coaching\/remerciements\/\" \/>\n<meta property=\"og:locale\" content=\"fr_FR\" \/>\n<meta property=\"og:type\" content=\"article\" \/>\n<meta property=\"og:title\" content=\"Avoir un retour personnalis\u00e9 pour progresser rapidement en programmation SAS - xxformat GmbH\" \/>\n<meta property=\"og:description\" content=\"Apr\u00e8s paiement, vous \u00e9changeons par email pour fixer la date d&rsquo;une pr\u00e9-session en ligne gratuite. Lors de cette pr\u00e9-session offerte, nous identifions les outils avec lesquels le coaching sera r\u00e9alis\u00e9, qu&rsquo;il s&rsquo;agisse de Skype (pour les [&hellip;]\" \/>\n<meta property=\"og:url\" content=\"https:\/\/xxformat.com\/fr\/produit\/coaching\/remerciements\/\" \/>\n<meta property=\"og:site_name\" content=\"xxformat GmbH\" \/>\n<meta property=\"article:modified_time\" content=\"2019-11-22T23:21:52+00:00\" \/>\n<meta name=\"twitter:card\" content=\"summary_large_image\" \/>\n<meta name=\"twitter:label1\" content=\"Dur\u00e9e de lecture estim\u00e9e\" \/>\n\t<meta name=\"twitter:data1\" content=\"1 minute\" \/>\n<script type=\"application\/ld+json\" class=\"yoast-schema-graph\">{\"@context\":\"https:\/\/schema.org\",\"@graph\":[{\"@type\":\"WebPage\",\"@id\":\"https:\/\/xxformat.com\/fr\/produit\/coaching\/remerciements\/\",\"url\":\"https:\/\/xxformat.com\/fr\/produit\/coaching\/remerciements\/\",\"name\":\"Avoir un retour personnalis\u00e9 pour progresser rapidement en programmation SAS - xxformat GmbH\",\"isPartOf\":{\"@id\":\"https:\/\/xxformat.com\/fr\/#website\"},\"datePublished\":\"2019-11-22T19:18:47+00:00\",\"dateModified\":\"2019-11-22T23:21:52+00:00\",\"breadcrumb\":{\"@id\":\"https:\/\/xxformat.com\/fr\/produit\/coaching\/remerciements\/#breadcrumb\"},\"inLanguage\":\"fr-FR\",\"potentialAction\":[{\"@type\":\"ReadAction\",\"target\":[\"https:\/\/xxformat.com\/fr\/produit\/coaching\/remerciements\/\"]}]},{\"@type\":\"BreadcrumbList\",\"@id\":\"https:\/\/xxformat.com\/fr\/produit\/coaching\/remerciements\/#breadcrumb\",\"itemListElement\":[{\"@type\":\"ListItem\",\"position\":1,\"name\":\"Home\",\"item\":\"https:\/\/xxformat.com\/fr\/\"},{\"@type\":\"ListItem\",\"position\":2,\"name\":\"Produit\",\"item\":\"https:\/\/xxformat.com\/fr\/produit\/\"},{\"@type\":\"ListItem\",\"position\":3,\"name\":\"Coaching\",\"item\":\"https:\/\/xxformat.com\/fr\/produit\/coaching\/\"},{\"@type\":\"ListItem\",\"position\":4,\"name\":\"Avoir un retour personnalis\u00e9 pour progresser rapidement en programmation SAS\"}]},{\"@type\":\"WebSite\",\"@id\":\"https:\/\/xxformat.com\/fr\/#website\",\"url\":\"https:\/\/xxformat.com\/fr\/\",\"name\":\"xxformat GmbH\",\"description\":\"\",\"potentialAction\":[{\"@type\":\"SearchAction\",\"target\":{\"@type\":\"EntryPoint\",\"urlTemplate\":\"https:\/\/xxformat.com\/fr\/?s={search_term_string}\"},\"query-input\":{\"@type\":\"PropertyValueSpecification\",\"valueRequired\":true,\"valueName\":\"search_term_string\"}}],\"inLanguage\":\"fr-FR\"}]}<\/script>\n<!-- \/ Yoast SEO plugin. -->","yoast_head_json":{"title":"Avoir un retour personnalis\u00e9 pour progresser rapidement en programmation SAS - xxformat GmbH","robots":{"index":"index","follow":"follow","max-snippet":"max-snippet:-1","max-image-preview":"max-image-preview:large","max-video-preview":"max-video-preview:-1"},"canonical":"https:\/\/xxformat.com\/fr\/produit\/coaching\/remerciements\/","og_locale":"fr_FR","og_type":"article","og_title":"Avoir un retour personnalis\u00e9 pour progresser rapidement en programmation SAS - xxformat GmbH","og_description":"Apr\u00e8s paiement, vous \u00e9changeons par email pour fixer la date d&rsquo;une pr\u00e9-session en ligne gratuite. Lors de cette pr\u00e9-session offerte, nous identifions les outils avec lesquels le coaching sera r\u00e9alis\u00e9, qu&rsquo;il s&rsquo;agisse de Skype (pour les [&hellip;]","og_url":"https:\/\/xxformat.com\/fr\/produit\/coaching\/remerciements\/","og_site_name":"xxformat GmbH","article_modified_time":"2019-11-22T23:21:52+00:00","twitter_card":"summary_large_image","twitter_misc":{"Dur\u00e9e de lecture estim\u00e9e":"1 minute"},"schema":{"@context":"https:\/\/schema.org","@graph":[{"@type":"WebPage","@id":"https:\/\/xxformat.com\/fr\/produit\/coaching\/remerciements\/","url":"https:\/\/xxformat.com\/fr\/produit\/coaching\/remerciements\/","name":"Avoir un retour personnalis\u00e9 pour progresser rapidement en programmation SAS - xxformat GmbH","isPartOf":{"@id":"https:\/\/xxformat.com\/fr\/#website"},"datePublished":"2019-11-22T19:18:47+00:00","dateModified":"2019-11-22T23:21:52+00:00","breadcrumb":{"@id":"https:\/\/xxformat.com\/fr\/produit\/coaching\/remerciements\/#breadcrumb"},"inLanguage":"fr-FR","potentialAction":[{"@type":"ReadAction","target":["https:\/\/xxformat.com\/fr\/produit\/coaching\/remerciements\/"]}]},{"@type":"BreadcrumbList","@id":"https:\/\/xxformat.com\/fr\/produit\/coaching\/remerciements\/#breadcrumb","itemListElement":[{"@type":"ListItem","position":1,"name":"Home","item":"https:\/\/xxformat.com\/fr\/"},{"@type":"ListItem","position":2,"name":"Produit","item":"https:\/\/xxformat.com\/fr\/produit\/"},{"@type":"ListItem","position":3,"name":"Coaching","item":"https:\/\/xxformat.com\/fr\/produit\/coaching\/"},{"@type":"ListItem","position":4,"name":"Avoir un retour personnalis\u00e9 pour progresser rapidement en programmation SAS"}]},{"@type":"WebSite","@id":"https:\/\/xxformat.com\/fr\/#website","url":"https:\/\/xxformat.com\/fr\/","name":"xxformat GmbH","description":"","potentialAction":[{"@type":"SearchAction","target":{"@type":"EntryPoint","urlTemplate":"https:\/\/xxformat.com\/fr\/?s={search_term_string}"},"query-input":{"@type":"PropertyValueSpecification","valueRequired":true,"valueName":"search_term_string"}}],"inLanguage":"fr-FR"}]}},"_links":{"self":[{"href":"https:\/\/xxformat.com\/fr\/wp-json\/wp\/v2\/pages\/74","targetHints":{"allow":["GET"]}}],"collection":[{"href":"https:\/\/xxformat.com\/fr\/wp-json\/wp\/v2\/pages"}],"about":[{"href":"https:\/\/xxformat.com\/fr\/wp-json\/wp\/v2\/types\/page"}],"author":[{"embeddable":true,"href":"https:\/\/xxformat.com\/fr\/wp-json\/wp\/v2\/users\/1"}],"replies":[{"embeddable":true,"href":"https:\/\/xxformat.com\/fr\/wp-json\/wp\/v2\/comments?post=74"}],"version-history":[{"count":8,"href":"https:\/\/xxformat.com\/fr\/wp-json\/wp\/v2\/pages\/74\/revisions"}],"predecessor-version":[{"id":111,"href":"https:\/\/xxformat.com\/fr\/wp-json\/wp\/v2\/pages\/74\/revisions\/111"}],"up":[{"embeddable":true,"href":"https:\/\/xxformat.com\/fr\/wp-json\/wp\/v2\/pages\/72"}],"wp:attachment":[{"href":"https:\/\/xxformat.com\/fr\/wp-json\/wp\/v2\/media?parent=74"}],"curies":[{"name":"wp","href":"https:\/\/api.w.org\/{rel}","templated":true}]}}